{"id":785,"date":"2018-06-25T19:23:28","date_gmt":"2018-06-25T22:23:28","guid":{"rendered":"https:\/\/www.sascar.com.br\/es\/?page_id=785"},"modified":"2018-06-26T17:48:14","modified_gmt":"2018-06-26T20:48:14","slug":"faq-sascar","status":"publish","type":"page","link":"https:\/\/sascar.com.br\/es\/faq-sascar\/","title":{"rendered":"FAQ Sascar"},"content":{"rendered":"<p>Para d\u00favidas frequentes, confira nossas perguntas e respostas. Veja abaixo:<\/p>\n<ul class=\"cat-seg-list\">\n<li class=\"faq-item-list\">\n<div class=\"label-seg faq-item-click\" for=\"seg-cat-1\">\n<div class=\"seg-title flex align-center\">\n<h3 class=\"col\">Financeiro<\/h3>\n<p>            <i class=\"col fa fa-chevron-circle-down\" aria-hidden=\"true\"><\/i>\n         <\/div>\n<div class=\"hidden-faq\">\n<div class=\"field-content\">\n            <\/div>\n<ul class=\"question-list field-content\">\n<li class=\"question-item\">\n                  <span>Como retiro a segunda via de boleto\/fatura Sascar?<\/span><\/p>\n<div class=\"content\" style=\"display: none;\">\n<p>Voc\u00ea pode retirar seu boleto\/fatura no Portal do Cliente Sascar. Para acessar o Portal de Servi\u00e7os voc\u00ea deve entrar no site www.sascar.com.br, clicar em \u201c\u00c1REA DO CLIENTE\u201d e em seguida escolher a op\u00e7\u00e3o \u201cSASCAR\u201d na categoria \u201cPORTAL DE SERVI\u00c7OS\u201d. Informe os seus dados de usu\u00e1rio, login e senha (vale lembrar que no campo \u201cLogin\u201d voc\u00ea deve inserir as siglas ADM). Depois de realizar o login, na p\u00e1gina principal do Portal de Servi\u00e7os voc\u00ea encontra um atalho para retirar sua 2\u00aa via.<br \/>\n                        Voc\u00ea tamb\u00e9m pode entrar em contato conosco atrav\u00e9s da nossa Central de Atendimento, ao ligar, selecione a op\u00e7\u00e3o 5, e siga as instru\u00e7\u00f5es para a obten\u00e7\u00e3o da 2\u00ba via de boleto.<br \/>\n                        Central de Atendimento Sascar<br \/>\n                        4002 6004 Capitais e Grandes Centros \/ 0800 648 6004 Demais Localidades.<\/p>\n<\/p><\/div>\n<\/li>\n<\/ul><\/div>\n<\/p><\/div>\n<\/li>\n<li class=\"faq-item-list\">\n<div class=\"label-seg faq-item-click\" for=\"seg-cat-2\">\n<div class=\"seg-title flex align-center\">\n<h3 class=\"col\">Processos Administrativos<\/h3>\n<p>               <i class=\"col fa fa-chevron-circle-down\" aria-hidden=\"true\"><\/i>\n            <\/div>\n<div class=\"hidden-faq\">\n<div class=\"field-content\">\n               <\/div>\n<ul class=\"question-list field-content\">\n<li class=\"question-item\">\n                     <span>Mudei de ve\u00edculo, como solicito a retirada desse equipamento para outro ve\u00edculo?<\/span><\/p>\n<div class=\"content\" style=\"display: none;\">\n<p>Voc\u00ea pode solicitar a retirada desse equipamento para instala\u00e7\u00e3o em outro ve\u00edculo atrav\u00e9s do Portal do Cliente Sascar. Para acessar o Portal de Servi\u00e7os, clique em \u201c\u00c1REA DO CLIENTE\u201d e em seguida escolha a op\u00e7\u00e3o \u201cSASCAR\u201d na categoria \u201cPORTAL DE SERVI\u00c7OS\u201d. Informe os seus dados de usu\u00e1rio, login e senha (vale lembrar que no campo \u201cLogin\u201d voc\u00ea deve inserir as siglas ADM).<br \/>\n                           Voc\u00ea tamb\u00e9m pode entrar em contato conosco pela nossa Central de Atendimento, onde atrav\u00e9s de nossa URA eletr\u00f4nica ser\u00e1 solicitado que digite pausadamente o seu CPF ou CNPJ cadastrado, em seguida selecione a op\u00e7\u00e3o 1, e depois a op\u00e7\u00e3o 3.<br \/>\n                           Central de Atendimento Sascar<br \/> 4002 6004 Capitais e Grandes Centros \/ 0800 648 6004 Demais Localidades<br \/> OBS.: Caso o ve\u00edculo seja 0 km o campo RENAVAM deve ser preenchido com o n\u00famero zero 9 vezes: \u201c000000000\u201d.<\/p>\n<\/p><\/div>\n<\/li>\n<li class=\"question-item\">\n                        <span>Como realizo o cadastro de usu\u00e1rio e senha para acessar os portais de servi\u00e7o Sascar?<\/span><\/p>\n<div class=\"content\" style=\"display: none;\">\n<p>O usu\u00e1rio e senha s\u00e3o enviados para o e-mail cadastrado logo ap\u00f3s a conclus\u00e3o da instala\u00e7\u00e3o. Caso voc\u00ea n\u00e3o tenha recebido este e-mail e se a instala\u00e7\u00e3o do equipamento j\u00e1 tiver sido conclu\u00edda, voc\u00ea deve acessar o aba \u201cAREA DO CLIENTE\u201d, selecionar o sistema de acesso: \u201cPortal de Servi\u00e7os Sascar\u201d, ao carregar o login, usu\u00e1rio e senha, voc\u00ea deve clicar no campo \u201cN\u00e3o \u00e9 Cadastrado? Cadastre-se\u201d.<br \/>\n                              Preencha os campos solicitados para realizar o cadastro de uma nova conta no sistema Sascar, em seguida clique no bot\u00e3o Cadastrar. Seu login e senha ser\u00e3o enviados automaticamente para o e-mail cadastrado. Em casos de d\u00favidas, voc\u00ea tamb\u00e9m pode entrar em contato pela nossa Central de Atendimento, onde atrav\u00e9s de nossa URA eletr\u00f4nica ser\u00e1 solicitado que digite pausadamente o seu CPF ou CNPJ cadastrado, em seguida selecione a op\u00e7\u00e3o 7.<br \/>\n                              Central de Atendimento Sascar<br \/>\n                              4002 6004 Capitais e Grandes Centros \/ 0800 648 6004 Demais Localidades.<\/p>\n<\/p><\/div>\n<\/li>\n<li class=\"question-item\">\n                           <span>Como realizo a transfer\u00eancia de titularidade do meu contrato Sascar?<\/span><\/p>\n<div class=\"content\" style=\"display: none;\">\n<p>\u00c9 necess\u00e1rio encaminhar os documentos abaixo do Novo Titular para o e-mail: transferencia.titularidade@sascar.com.br.<\/p>\n<p>No caso de pessoa F\u00edsica os documentos s\u00e3o:<\/p>\n<p>\u2022 C\u00f3pia de RG e CPF ou CNH<br \/>\n                                 \u2022 C\u00f3pia do comprovante de resid\u00eancia atualizado<br \/>\n                                 \u2022 C\u00f3pia do documento do ve\u00edculo<br \/>\n                                 \u2022 Telefones e e-mail para contato<br \/>\n                                 E quando pessoa jur\u00eddica:<br \/>\n                                 \u2022 C\u00f3pia do contrato social<br \/>\n                                 \u2022 Informar os dados de 2 pessoas para autorizadas da empresa, contendo Nome<br \/>\n                                 completo, RG ,CPF e telefones de contato<br \/>\n                                 \u2022 C\u00f3pia do documento do ve\u00edculo<br \/>\n                                 \u2022 Telefones e e-mail para contato<\/p>\n<p>O processo de Transfer\u00eancia de Titularidade s\u00f3 ser\u00e1 iniciado a partir do recebimento de todas as documenta\u00e7\u00f5es necess\u00e1rias.<br \/>\n                                    Em casos de d\u00favidas voc\u00ea pode entrar em contato atrav\u00e9s do nosso chat online dispon\u00edvel no Portal do Cliente Sascar. Para acessar o Portal voc\u00ea deve entrar no site www.sascar.com.br, clicar na aba \u00c1REA DO CLIENTE e acessar o Portal com o seus dados (Usu\u00e1rio, Login e Senha, lembrando que no campo \u201cLogin\u201d deve inserir as siglas ADM). Clique no bot\u00e3o \u201cAtendimento Online\u201d, voc\u00ea ser\u00e1 atendido imediatamente por um de nossos colaboradores. Voc\u00ea tamb\u00e9m pode entrar em contato pela nossa Central de Atendimento, onde atrav\u00e9s de nossa URA eletr\u00f4nica ser\u00e1 solicitado que digite pausadamente o seu CPF ou CNPJ cadastrado, em seguida selecione a op\u00e7\u00e3o 5.<br \/>\n                                    Central de Atendimento Sascar<br \/>\n                                    4002 6004 Capitais e Grandes Centros \/ 0800 648 6004 Demais Localidades<\/p>\n<\/p><\/div>\n<\/li>\n<\/ul><\/div>\n<\/p><\/div>\n<\/li>\n<li class=\"faq-item-list\">\n<div class=\"label-seg faq-item-click\" for=\"seg-cat-3\">\n<div class=\"seg-title flex align-center\">\n<h3 class=\"col\">Atualiza\u00e7\u00e3o Cadastral<\/h3>\n<p>                           <i class=\"col fa fa-chevron-circle-down\" aria-hidden=\"true\"><\/i>\n                        <\/div>\n<div class=\"hidden-faq\">\n<div class=\"field-content\">\n                           <\/div>\n<ul class=\"question-list field-content\">\n<li class=\"question-item\">\n                                 <span>Como realizo a atualiza\u00e7\u00e3o de dados do meu cadastro?<\/span><\/p>\n<div class=\"content\" style=\"display: none;\">\n<p>Voc\u00ea poder\u00e1 atualizar as informa\u00e7\u00f5es atrav\u00e9s do Portal de Servi\u00e7os no site www.sascar.com.br. Clique na aba \u00c1REA DO CLIENTE e acesse o Portal de Servi\u00e7os com o seus dados (Usu\u00e1rio, Login e Senha, lembrando que no campo \u201cLogin\u201d deve inserir as siglas ADM).<br \/>\n                                       Voc\u00ea tamb\u00e9m pode entrar em contato conosco atrav\u00e9s do nosso Atendimento Online atrav\u00e9s do Portal de Servi\u00e7os  ou entrar em contato por telefone:<br \/>\n                                       Central de Atendimento Sascar<br \/>\n                                       4002 6004 Capitais e Grandes Centros<br \/>\n                                       0800 648 6004 Demais Localidades<\/p>\n<\/p><\/div>\n<\/li>\n<li class=\"question-item\">\n                                    <span>Tenho dois contratos em CPF\/CNPJ diferentes, mas gostaria de visualizar atrav\u00e9s de um \u00fanico acesso, \u00e9 poss\u00edvel?<\/span><\/p>\n<div class=\"content\" style=\"display: none;\">\n<p>Para realizar a unifica\u00e7\u00e3o de login voc\u00ea pode entrar em contato atrav\u00e9s do nosso chat online dispon\u00edvel no Portal de Servi\u00e7os no site www.sascar.com.br. Clique na aba \u00c1REA DO CLIENTE e acesse o Portal de Servi\u00e7os com o seus dados (Usu\u00e1rio, Login e Senha, lembrando que no campo \u201cLogin\u201d deve inserir as siglas ADM). Clique no bot\u00e3o \u201cAtendimento Online\u201d, voc\u00ea ser\u00e1 atendido imediatamente por um de nossos colaboradores. Voc\u00ea tamb\u00e9m pode entrar em contato pela nossa Central de Atendimento e solicitar o servi\u00e7o para um de nossos atendentes.  <br \/>\n                                          Central de Atendimento Sascar<br \/>\n                                          4002 6004 Capitais e Grandes Centros \/ 0800 648 6004 Demais Localidades<\/p>\n<\/p><\/div>\n<\/li>\n<\/ul><\/div>\n<\/p><\/div>\n<\/li>\n<li class=\"faq-item-list\">\n<div class=\"label-seg faq-item-click\" for=\"seg-cat-4\">\n<div class=\"seg-title flex align-center\">\n<h3 class=\"col\">Monitoramento<\/h3>\n<p>                                 <i class=\"col fa fa-chevron-circle-down\" aria-hidden=\"true\"><\/i>\n                              <\/div>\n<div class=\"hidden-faq\">\n<div class=\"field-content\">\n                                 <\/div>\n<ul class=\"question-list field-content\">\n<li class=\"question-item\">\n                                       <span>Estou com problema de formata\u00e7\u00e3o no SasWeb ou meu ve\u00edculo n\u00e3o est\u00e1 aparecendo no mapa, o que devo fazer?<\/span><\/p>\n<div class=\"content\" style=\"display: none;\">\n<p>O SasWeb foi totalmente desenvolvido para os navegadores Mozilla Firefox e Google Chrome.<br \/>\n                                             Para que n\u00e3o tenha mais erros com o SasWeb, a Sascar recomenda que seja utilizado um desses dois navegadores. Tamb\u00e9m \u00e9 importante que seja feita a atualiza\u00e7\u00e3o para a \u00faltima vers\u00e3o dos navegadores, para que se evitem eventuais erros. <br \/>\n                                             Basta realizar o download e fazer o passo a passo da instala\u00e7\u00e3o:<br \/>\n                                             Mozilla Firefox <a target=\"_blank\" href=\"https:\/\/www.mozilla.org\/pt-BR\/firefox\/new\/\">Aqui<\/a><br \/>\n                                             Google Chrome <a target=\"_blank\" href=\"https:\/\/www.google.com\/chrome\/\">Aqui<\/a><\/p>\n<\/p><\/div>\n<\/li>\n<li class=\"question-item\">\n                                          <span>O equipamento da Sascar funciona em todas as regi\u00f5es?<\/span><\/p>\n<div class=\"content\" style=\"display: none;\">\n<p>O equipamento da Sascar funciona com sinal GPRS, por isso funciona em todas as regi\u00f5es onde existe cobertura de sinal de celular. Para que regi\u00f5es sem cobertura n\u00e3o influenciem na atualiza\u00e7\u00e3o do equipamento, \u00e9 poss\u00edvel a contrata\u00e7\u00e3o do servi\u00e7o de posicionamento por sat\u00e9lite.<\/p>\n<\/p><\/div>\n<\/li>\n<li class=\"question-item\">\n                                          <span>Como proceder em caso de roubo ou suspeita de roubo?<\/span><\/p>\n<div class=\"content\" style=\"display: none;\">\n<p>Entre imediatamente em contato com a Sascar atrav\u00e9s do telefone 0800 648 6003, onde nossa Central de Roubos ir\u00e1 iniciar os procedimentos para auxiliar na localiza\u00e7\u00e3o e recupera\u00e7\u00e3o do ve\u00edculo. O atendimento est\u00e1 dispon\u00edvel 24 horas por dia, 7 dias por semana. <\/p>\n<\/p><\/div>\n<\/li>\n<li class=\"question-item\">\n                                          <span>\u00c9 poss\u00edvel monitorar meu ve\u00edculo pelo celular?<\/span><\/p>\n<div class=\"content\" style=\"display: none;\">\n<p>\u00c9 poss\u00edvel realizar o monitoramento de seu ve\u00edculo com um celular atrav\u00e9s do link App Sascar.<br \/>\n                                                Em celulares com sistema operacional Android ou iOS (iPhone), \u00e9 poss\u00edvel baixar o aplicativo da Sascar para fazer o monitoramento;<br \/>\n                                                No caso do Android, acesse a \u201cPlay Store\u201d ou, no caso do iPhone, acesse a \u201cApp Store\u201d.<br \/>\n                                                Digite \u201cSascar\u201d no campo de busca e, em seguida, basta instalar o aplicativo, entrar com ID, Login (que \u00e9 ADM) e Senha e clicar em \u201cAcessar\u201d.<br \/>\n                                                Se ainda tiver d\u00favidas, acesse as instru\u00e7\u00f5es de uso, que se localizam dentro do aplicativo. No<br \/>\n                                                Android, clique no \u00edcone de engrenagem, localizado ao lado esquerdo, e depois em \u201cInstru\u00e7\u00f5es de uso\u201d.<\/p>\n<\/p><\/div>\n<\/li>\n<li class=\"question-item\">\n                                             <span>Como posso direcionar o sinal de monitoramento para uma Gerenciadora de Riscos?<\/span><\/p>\n<div class=\"content\" style=\"display: none;\">\n<p>Voc\u00ea pode solicitar o direcionamento de sinal atrav\u00e9s do Portal do Cliente Sascar. Para acessar o Portal de Servi\u00e7os, clique em \u201c\u00c1REA DO CLIENTE\u201d e em seguida escolha a op\u00e7\u00e3o \u201cSASCAR\u201d na categoria \u201cPORTAL DE SERVI\u00c7OS\u201d. Informe os seus dados de usu\u00e1rio, login e senha (vale lembrar que no campo \u201cLogin\u201d voc\u00ea deve inserir as siglas ADM).<\/p>\n<\/p><\/div>\n<\/li>\n<li class=\"question-item\">\n                                             <span>Como devo proceder em caso de sinistro com perda total (PT)?<\/span><\/p>\n<div class=\"content\" style=\"display: none;\">\n<p>Quando o ve\u00edculo sofre perda total, \u00e9 necess\u00e1rio fazer o pedido de substitui\u00e7\u00e3o de ve\u00edculo, para que o equipamento possa ser retirado do ve\u00edculo danificado e colocado em um novo ve\u00edculo. Nesses casos, a taxa de monitoramento deixa de ser cobrada at\u00e9 que um novo ve\u00edculo esteja dispon\u00edvel para a instala\u00e7\u00e3o do equipamento.<br \/>\n                                                   Ap\u00f3s o per\u00edodo de 60 dias da retirada \u00e9 realizada a cobran\u00e7a de uma taxa de extens\u00e3o e o cliente deve realizar a reinstala\u00e7\u00e3o em at\u00e9 60 dias, caso contr\u00e1rio o contrato ser\u00e1 cancelado.<br \/>\n                                                   \u00c9 poss\u00edvel solicitar esse servi\u00e7o diretamente pelo Portal de Servi\u00e7os. Para acessar o Portal voc\u00ea deve entrar no site www.sascar.com.br, clicar na aba \u00c1REA DO CLIENTE e acessar o Portal com o seus dados (Usu\u00e1rio, Login e Senha, lembrando que no campo \u201cLogin\u201d deve inserir as siglas ADM).<\/p>\n<\/p><\/div>\n<\/li>\n<li class=\"question-item\">\n                                                <span>Como posso emitir uma declara\u00e7\u00e3o de equipamento instalado?<\/span><\/p>\n<div class=\"content\" style=\"display: none;\">\n<p>Voc\u00ea pode solicitar a emiss\u00e3o de uma declara\u00e7\u00e3o de equipamento atrav\u00e9s do Portal do Cliente Sascar. Para acessar o Portal de Servi\u00e7os, clique em \u201c\u00c1REA DO CLIENTE\u201d e em seguida escolha a op\u00e7\u00e3o \u201cSASCAR\u201d na categoria \u201cPORTAL DE SERVI\u00c7OS\u201d. Informe os seus dados de usu\u00e1rio, login e senha (vale lembrar que no campo \u201cLogin\u201d voc\u00ea deve inserir as siglas ADM).<\/p>\n<\/p><\/div>\n<\/li>\n<\/ul><\/div>\n<\/p><\/div>\n<\/li>\n<li class=\"faq-item-list\">\n<div class=\"label-seg faq-item-click\" for=\"seg-cat-5\">\n<div class=\"seg-title flex align-center\">\n<h3 class=\"col\">Trabalhe Conosco<\/h3>\n<p>                                          <i class=\"col fa fa-chevron-circle-down\" aria-hidden=\"true\"><\/i>\n                                       <\/div>\n<div class=\"hidden-faq\">\n<div class=\"field-content\">\n                                          <\/div>\n<ul class=\"question-list field-content\">\n<li class=\"question-item\">\n                                                <span>Como realizo o cadastro para trabalhar na Sascar?<\/span><\/p>\n<div class=\"content\" style=\"display: none;\">\n<p>Voc\u00ea pode consultar as vagas dispon\u00edveis do site da Sascar. Na p\u00e1gina principal, voc\u00ea deve acessar o menu \u201cCONTATO\u201d e a aba  \u201cTRABALHE CONOSCO\u201d,  em seguida escolha a op\u00e7\u00e3o desejada e cadastre seu curr\u00edculo.<br \/>\n                                                      Venha fazer parte da nossa equipe!<\/p>\n<\/p><\/div>\n<\/li>\n<\/ul><\/div>\n<\/p><\/div>\n<\/li>\n<li class=\"faq-item-list\">\n<div class=\"label-seg faq-item-click\" for=\"seg-cat-6\">\n<div class=\"seg-title flex align-center\">\n<h3 class=\"col\">Cancelamento<\/h3>\n<p>                                             <i class=\"col fa fa-chevron-circle-down\" aria-hidden=\"true\"><\/i>\n                                          <\/div>\n<div class=\"hidden-faq\">\n<div class=\"field-content\">\n                                             <\/div>\n<ul class=\"question-list field-content\">\n<li class=\"question-item\">\n                                                   <span>Como realizo o cancelamento do meu contrato?<\/span><\/p>\n<div class=\"content\" style=\"display: none;\">\n<p>Para realizar o cancelamento \u00e9 necess\u00e1rio entrar em contato com a nossa Central de Atendimento.  Digite pausadamente o seu CPF ou CNPJ cadastrado e em seguida selecione a op\u00e7\u00e3o 6.<br \/>\n                                                         Vale ressaltar que apenas o contratante e pessoas cadastradas como \u201cautorizadas\u201d podem fazer esta solicita\u00e7\u00e3o.<br \/>\n                                                         Central de Atendimento Sascar<br \/>\n                                                         4002 6004 Capitais e Grandes Centros \/ 0800 648 6004 Demais Localidades<\/p>\n<\/p><\/div>\n<\/li>\n<\/ul><\/div>\n<\/p><\/div>\n<\/li>\n<\/ul>\n","protected":false},"excerpt":{"rendered":"<p>Para d\u00favidas frequentes, confira nossas perguntas e respostas. Veja abaixo: Financeiro Como retiro a segunda via de boleto\/fatura Sascar? Voc\u00ea pode retirar seu boleto\/fatura no Portal do Cliente Sascar. Para acessar o Portal de Servi\u00e7os voc\u00ea deve entrar no site www.sascar.com.br, clicar em \u201c\u00c1REA DO CLIENTE\u201d e em seguida escolher a op\u00e7\u00e3o \u201cSASCAR\u201d na categoria [&hellip;]<\/p>\n","protected":false},"author":10,"featured_media":0,"parent":0,"menu_order":0,"comment_status":"closed","ping_status":"closed","template":"templates\/template-faq.php","meta":{"_acf_changed":false,"footnotes":""},"class_list":["post-785","page","type-page","status-publish","hentry"],"acf":[],"yoast_head":"<!-- This site is optimized with the Yoast SEO plugin v20.8 - https:\/\/yoast.com\/wordpress\/plugins\/seo\/ -->\n<title>FAQ Sascar - Home - Sascar<\/title>\n<meta name=\"robots\" content=\"index, follow, max-snippet:-1, max-image-preview:large, max-video-preview:-1\" \/>\n<link rel=\"canonical\" href=\"https:\/\/sascar.com.br\/es\/faq-sascar\/\" \/>\n<meta property=\"og:locale\" content=\"pt_BR\" \/>\n<meta property=\"og:type\" content=\"article\" \/>\n<meta property=\"og:title\" content=\"FAQ Sascar - Home - Sascar\" \/>\n<meta property=\"og:description\" content=\"Para d\u00favidas frequentes, confira nossas perguntas e respostas. Veja abaixo: Financeiro Como retiro a segunda via de boleto\/fatura Sascar? Voc\u00ea pode retirar seu boleto\/fatura no Portal do Cliente Sascar. Para acessar o Portal de Servi\u00e7os voc\u00ea deve entrar no site www.sascar.com.br, clicar em \u201c\u00c1REA DO CLIENTE\u201d e em seguida escolher a op\u00e7\u00e3o \u201cSASCAR\u201d na categoria [&hellip;]\" \/>\n<meta property=\"og:url\" content=\"https:\/\/sascar.com.br\/es\/faq-sascar\/\" \/>\n<meta property=\"og:site_name\" content=\"Home - Sascar\" \/>\n<meta property=\"article:modified_time\" content=\"2018-06-26T20:48:14+00:00\" \/>\n<meta name=\"twitter:card\" content=\"summary_large_image\" \/>\n<meta name=\"twitter:label1\" content=\"Est. tempo de leitura\" \/>\n\t<meta name=\"twitter:data1\" content=\"9 minutos\" \/>\n<script type=\"application\/ld+json\" class=\"yoast-schema-graph\">{\"@context\":\"https:\/\/schema.org\",\"@graph\":[{\"@type\":\"WebPage\",\"@id\":\"https:\/\/sascar.com.br\/es\/faq-sascar\/\",\"url\":\"https:\/\/sascar.com.br\/es\/faq-sascar\/\",\"name\":\"FAQ Sascar - Home - Sascar\",\"isPartOf\":{\"@id\":\"https:\/\/sascar.com.br\/es\/#website\"},\"datePublished\":\"2018-06-25T22:23:28+00:00\",\"dateModified\":\"2018-06-26T20:48:14+00:00\",\"breadcrumb\":{\"@id\":\"https:\/\/sascar.com.br\/es\/faq-sascar\/#breadcrumb\"},\"inLanguage\":\"pt-BR\",\"potentialAction\":[{\"@type\":\"ReadAction\",\"target\":[\"https:\/\/sascar.com.br\/es\/faq-sascar\/\"]}]},{\"@type\":\"BreadcrumbList\",\"@id\":\"https:\/\/sascar.com.br\/es\/faq-sascar\/#breadcrumb\",\"itemListElement\":[{\"@type\":\"ListItem\",\"position\":1,\"name\":\"In\u00edcio\",\"item\":\"https:\/\/www.sascar.com.br\/es\/\"},{\"@type\":\"ListItem\",\"position\":2,\"name\":\"FAQ Sascar\"}]},{\"@type\":\"WebSite\",\"@id\":\"https:\/\/sascar.com.br\/es\/#website\",\"url\":\"https:\/\/sascar.com.br\/es\/\",\"name\":\"Home - Sascar\",\"description\":\"Tecnologia Que Te Leva Mais Longe\",\"potentialAction\":[{\"@type\":\"SearchAction\",\"target\":{\"@type\":\"EntryPoint\",\"urlTemplate\":\"https:\/\/sascar.com.br\/es\/?s={search_term_string}\"},\"query-input\":\"required name=search_term_string\"}],\"inLanguage\":\"pt-BR\"}]}<\/script>\n<!-- \/ Yoast SEO plugin. -->","yoast_head_json":{"title":"FAQ Sascar - Home - Sascar","robots":{"index":"index","follow":"follow","max-snippet":"max-snippet:-1","max-image-preview":"max-image-preview:large","max-video-preview":"max-video-preview:-1"},"canonical":"https:\/\/sascar.com.br\/es\/faq-sascar\/","og_locale":"pt_BR","og_type":"article","og_title":"FAQ Sascar - Home - Sascar","og_description":"Para d\u00favidas frequentes, confira nossas perguntas e respostas. Veja abaixo: Financeiro Como retiro a segunda via de boleto\/fatura Sascar? Voc\u00ea pode retirar seu boleto\/fatura no Portal do Cliente Sascar. Para acessar o Portal de Servi\u00e7os voc\u00ea deve entrar no site www.sascar.com.br, clicar em \u201c\u00c1REA DO CLIENTE\u201d e em seguida escolher a op\u00e7\u00e3o \u201cSASCAR\u201d na categoria [&hellip;]","og_url":"https:\/\/sascar.com.br\/es\/faq-sascar\/","og_site_name":"Home - Sascar","article_modified_time":"2018-06-26T20:48:14+00:00","twitter_card":"summary_large_image","twitter_misc":{"Est. tempo de leitura":"9 minutos"},"schema":{"@context":"https:\/\/schema.org","@graph":[{"@type":"WebPage","@id":"https:\/\/sascar.com.br\/es\/faq-sascar\/","url":"https:\/\/sascar.com.br\/es\/faq-sascar\/","name":"FAQ Sascar - Home - Sascar","isPartOf":{"@id":"https:\/\/sascar.com.br\/es\/#website"},"datePublished":"2018-06-25T22:23:28+00:00","dateModified":"2018-06-26T20:48:14+00:00","breadcrumb":{"@id":"https:\/\/sascar.com.br\/es\/faq-sascar\/#breadcrumb"},"inLanguage":"pt-BR","potentialAction":[{"@type":"ReadAction","target":["https:\/\/sascar.com.br\/es\/faq-sascar\/"]}]},{"@type":"BreadcrumbList","@id":"https:\/\/sascar.com.br\/es\/faq-sascar\/#breadcrumb","itemListElement":[{"@type":"ListItem","position":1,"name":"In\u00edcio","item":"https:\/\/www.sascar.com.br\/es\/"},{"@type":"ListItem","position":2,"name":"FAQ Sascar"}]},{"@type":"WebSite","@id":"https:\/\/sascar.com.br\/es\/#website","url":"https:\/\/sascar.com.br\/es\/","name":"Home - Sascar","description":"Tecnologia Que Te Leva Mais Longe","potentialAction":[{"@type":"SearchAction","target":{"@type":"EntryPoint","urlTemplate":"https:\/\/sascar.com.br\/es\/?s={search_term_string}"},"query-input":"required name=search_term_string"}],"inLanguage":"pt-BR"}]}},"_links":{"self":[{"href":"https:\/\/sascar.com.br\/es\/wp-json\/wp\/v2\/pages\/785","targetHints":{"allow":["GET"]}}],"collection":[{"href":"https:\/\/sascar.com.br\/es\/wp-json\/wp\/v2\/pages"}],"about":[{"href":"https:\/\/sascar.com.br\/es\/wp-json\/wp\/v2\/types\/page"}],"author":[{"embeddable":true,"href":"https:\/\/sascar.com.br\/es\/wp-json\/wp\/v2\/users\/10"}],"replies":[{"embeddable":true,"href":"https:\/\/sascar.com.br\/es\/wp-json\/wp\/v2\/comments?post=785"}],"version-history":[{"count":20,"href":"https:\/\/sascar.com.br\/es\/wp-json\/wp\/v2\/pages\/785\/revisions"}],"predecessor-version":[{"id":865,"href":"https:\/\/sascar.com.br\/es\/wp-json\/wp\/v2\/pages\/785\/revisions\/865"}],"wp:attachment":[{"href":"https:\/\/sascar.com.br\/es\/wp-json\/wp\/v2\/media?parent=785"}],"curies":[{"name":"wp","href":"https:\/\/api.w.org\/{rel}","templated":true}]}}