{"id":7,"date":"2016-06-21T16:37:22","date_gmt":"2016-06-21T19:37:22","guid":{"rendered":"https:\/\/www.sascar.com.br\/es?page_id=7"},"modified":"2018-07-27T13:06:58","modified_gmt":"2018-07-27T16:06:58","slug":"acerca-de-sascar","status":"publish","type":"page","link":"https:\/\/sascar.com.br\/es\/acerca-de-sascar\/","title":{"rendered":"Acerca de Sascar"},"content":{"rendered":"<style> #orc-foot { display: none } <\/style>\n<style> header{ margin-bottom: 0; }<\/style>\n<p style=\"text-align: center;\">Somos una empresa del grupo Michelin especializada en la gesti\u00f3n de flotas y monitoreo de veh\u00edculos y cargas.<\/p>\n<p style=\"text-align: center;\">Nuestro objetivo es llevar nuestros clientes m\u00e1s lejos a trav\u00e9s de soluciones tecnol\u00f3gicas que abordan sus principales necesidades.<\/p>\n<p style=\"text-align: center;\">Contribuimos al control de costos con la flota, para el diagn\u00f3stico y prevenci\u00f3n de accidentes, para una mejor gesti\u00f3n de riesgos de la carga transportada y para el aumento de la seguridad de su veh\u00edculo, permitiendo que usted maneje tranquilo en todo Brasil.<\/p>\n<p style=\"text-align: center;\"><strong>Sascar. Tecnolog\u00eda que te lleva m\u00e1s lejos.<\/strong><\/p>\n<p style=\"text-align: center;\">Estamos ubicados en:<br \/>\nAlameda Araguaia, 2.104 \u2013 11\u00ba andar | Alphaville Comercial | Barueri \u2013 SP &#8211; C\u00f3digo postal: 06541-005<\/p>\n","protected":false},"excerpt":{"rendered":"<p>Somos una empresa del grupo Michelin especializada en la gesti\u00f3n de flotas y monitoreo de veh\u00edculos y cargas. Nuestro objetivo es llevar nuestros clientes m\u00e1s lejos a trav\u00e9s de soluciones tecnol\u00f3gicas que abordan sus principales necesidades. Contribuimos al control de costos con la flota, para el diagn\u00f3stico y prevenci\u00f3n de accidentes, para una mejor gesti\u00f3n [&hellip;]<\/p>\n","protected":false},"author":1,"featured_media":338,"parent":0,"menu_order":0,"comment_status":"closed","ping_status":"closed","template":"templates\/template-quem-somos.php","meta":{"_acf_changed":false,"footnotes":""},"class_list":["post-7","page","type-page","status-publish","has-post-thumbnail","hentry"],"acf":[],"yoast_head":"<!-- This site is optimized with the Yoast SEO plugin v20.8 - https:\/\/yoast.com\/wordpress\/plugins\/seo\/ -->\n<title>Acerca de Sascar - Sascar - Una Empresa del Grupo Michelin<\/title>\n<meta name=\"description\" content=\"Somos una empresa del grupo Michelin, nuestro objetivo es llevar nuestros clientes m\u00e1s lejos a trav\u00e9s de soluciones tecnol\u00f3gicas.\" \/>\n<meta name=\"robots\" content=\"index, follow, max-snippet:-1, max-image-preview:large, max-video-preview:-1\" \/>\n<link rel=\"canonical\" href=\"https:\/\/sascar.com.br\/es\/acerca-de-sascar\/\" \/>\n<meta property=\"og:locale\" content=\"pt_BR\" \/>\n<meta property=\"og:type\" content=\"article\" \/>\n<meta property=\"og:title\" content=\"Acerca de Sascar - Sascar - Una Empresa del Grupo Michelin\" \/>\n<meta property=\"og:description\" content=\"Somos una empresa del grupo Michelin, nuestro objetivo es llevar nuestros clientes m\u00e1s lejos a trav\u00e9s de soluciones tecnol\u00f3gicas.\" \/>\n<meta property=\"og:url\" content=\"https:\/\/sascar.com.br\/es\/acerca-de-sascar\/\" \/>\n<meta property=\"og:site_name\" content=\"Home - Sascar\" \/>\n<meta property=\"article:modified_time\" content=\"2018-07-27T16:06:58+00:00\" \/>\n<meta property=\"og:image\" content=\"https:\/\/www.sascar.com.br\/es\/wp-content\/uploads\/2016\/06\/quem-somos-1.png\" \/>\n\t<meta property=\"og:image:width\" content=\"2000\" \/>\n\t<meta property=\"og:image:height\" content=\"280\" \/>\n\t<meta property=\"og:image:type\" content=\"image\/png\" \/>\n<meta name=\"twitter:card\" content=\"summary_large_image\" \/>\n<meta name=\"twitter:label1\" content=\"Est. tempo de leitura\" \/>\n\t<meta name=\"twitter:data1\" content=\"1 minuto\" \/>\n<script type=\"application\/ld+json\" class=\"yoast-schema-graph\">{\"@context\":\"https:\/\/schema.org\",\"@graph\":[{\"@type\":\"WebPage\",\"@id\":\"https:\/\/sascar.com.br\/es\/acerca-de-sascar\/\",\"url\":\"https:\/\/sascar.com.br\/es\/acerca-de-sascar\/\",\"name\":\"Acerca de Sascar - Sascar - Una Empresa del Grupo Michelin\",\"isPartOf\":{\"@id\":\"https:\/\/sascar.com.br\/es\/#website\"},\"datePublished\":\"2016-06-21T19:37:22+00:00\",\"dateModified\":\"2018-07-27T16:06:58+00:00\",\"description\":\"Somos una empresa del grupo Michelin, nuestro objetivo es llevar nuestros clientes m\u00e1s lejos a trav\u00e9s de soluciones tecnol\u00f3gicas.\",\"breadcrumb\":{\"@id\":\"https:\/\/sascar.com.br\/es\/acerca-de-sascar\/#breadcrumb\"},\"inLanguage\":\"pt-BR\",\"potentialAction\":[{\"@type\":\"ReadAction\",\"target\":[\"https:\/\/sascar.com.br\/es\/acerca-de-sascar\/\"]}]},{\"@type\":\"BreadcrumbList\",\"@id\":\"https:\/\/sascar.com.br\/es\/acerca-de-sascar\/#breadcrumb\",\"itemListElement\":[{\"@type\":\"ListItem\",\"position\":1,\"name\":\"In\u00edcio\",\"item\":\"https:\/\/www.sascar.com.br\/es\/\"},{\"@type\":\"ListItem\",\"position\":2,\"name\":\"Acerca de Sascar\"}]},{\"@type\":\"WebSite\",\"@id\":\"https:\/\/sascar.com.br\/es\/#website\",\"url\":\"https:\/\/sascar.com.br\/es\/\",\"name\":\"Home - Sascar\",\"description\":\"Tecnologia Que Te Leva Mais Longe\",\"potentialAction\":[{\"@type\":\"SearchAction\",\"target\":{\"@type\":\"EntryPoint\",\"urlTemplate\":\"https:\/\/sascar.com.br\/es\/?s={search_term_string}\"},\"query-input\":\"required name=search_term_string\"}],\"inLanguage\":\"pt-BR\"}]}<\/script>\n<!-- \/ Yoast SEO plugin. -->","yoast_head_json":{"title":"Acerca de Sascar - Sascar - Una Empresa del Grupo Michelin","description":"Somos una empresa del grupo Michelin, nuestro objetivo es llevar nuestros clientes m\u00e1s lejos a trav\u00e9s de soluciones tecnol\u00f3gicas.","robots":{"index":"index","follow":"follow","max-snippet":"max-snippet:-1","max-image-preview":"max-image-preview:large","max-video-preview":"max-video-preview:-1"},"canonical":"https:\/\/sascar.com.br\/es\/acerca-de-sascar\/","og_locale":"pt_BR","og_type":"article","og_title":"Acerca de Sascar - Sascar - Una Empresa del Grupo Michelin","og_description":"Somos una empresa del grupo Michelin, nuestro objetivo es llevar nuestros clientes m\u00e1s lejos a trav\u00e9s de soluciones tecnol\u00f3gicas.","og_url":"https:\/\/sascar.com.br\/es\/acerca-de-sascar\/","og_site_name":"Home - Sascar","article_modified_time":"2018-07-27T16:06:58+00:00","og_image":[{"width":2000,"height":280,"url":"https:\/\/www.sascar.com.br\/es\/wp-content\/uploads\/2016\/06\/quem-somos-1.png","type":"image\/png"}],"twitter_card":"summary_large_image","twitter_misc":{"Est. tempo de leitura":"1 minuto"},"schema":{"@context":"https:\/\/schema.org","@graph":[{"@type":"WebPage","@id":"https:\/\/sascar.com.br\/es\/acerca-de-sascar\/","url":"https:\/\/sascar.com.br\/es\/acerca-de-sascar\/","name":"Acerca de Sascar - Sascar - Una Empresa del Grupo Michelin","isPartOf":{"@id":"https:\/\/sascar.com.br\/es\/#website"},"datePublished":"2016-06-21T19:37:22+00:00","dateModified":"2018-07-27T16:06:58+00:00","description":"Somos una empresa del grupo Michelin, nuestro objetivo es llevar nuestros clientes m\u00e1s lejos a trav\u00e9s de soluciones tecnol\u00f3gicas.","breadcrumb":{"@id":"https:\/\/sascar.com.br\/es\/acerca-de-sascar\/#breadcrumb"},"inLanguage":"pt-BR","potentialAction":[{"@type":"ReadAction","target":["https:\/\/sascar.com.br\/es\/acerca-de-sascar\/"]}]},{"@type":"BreadcrumbList","@id":"https:\/\/sascar.com.br\/es\/acerca-de-sascar\/#breadcrumb","itemListElement":[{"@type":"ListItem","position":1,"name":"In\u00edcio","item":"https:\/\/www.sascar.com.br\/es\/"},{"@type":"ListItem","position":2,"name":"Acerca de Sascar"}]},{"@type":"WebSite","@id":"https:\/\/sascar.com.br\/es\/#website","url":"https:\/\/sascar.com.br\/es\/","name":"Home - Sascar","description":"Tecnologia Que Te Leva Mais Longe","potentialAction":[{"@type":"SearchAction","target":{"@type":"EntryPoint","urlTemplate":"https:\/\/sascar.com.br\/es\/?s={search_term_string}"},"query-input":"required name=search_term_string"}],"inLanguage":"pt-BR"}]}},"_links":{"self":[{"href":"https:\/\/sascar.com.br\/es\/wp-json\/wp\/v2\/pages\/7","targetHints":{"allow":["GET"]}}],"collection":[{"href":"https:\/\/sascar.com.br\/es\/wp-json\/wp\/v2\/pages"}],"about":[{"href":"https:\/\/sascar.com.br\/es\/wp-json\/wp\/v2\/types\/page"}],"author":[{"embeddable":true,"href":"https:\/\/sascar.com.br\/es\/wp-json\/wp\/v2\/users\/1"}],"replies":[{"embeddable":true,"href":"https:\/\/sascar.com.br\/es\/wp-json\/wp\/v2\/comments?post=7"}],"version-history":[{"count":18,"href":"https:\/\/sascar.com.br\/es\/wp-json\/wp\/v2\/pages\/7\/revisions"}],"predecessor-version":[{"id":1019,"href":"https:\/\/sascar.com.br\/es\/wp-json\/wp\/v2\/pages\/7\/revisions\/1019"}],"wp:featuredmedia":[{"embeddable":true,"href":"https:\/\/sascar.com.br\/es\/wp-json\/wp\/v2\/media\/338"}],"wp:attachment":[{"href":"https:\/\/sascar.com.br\/es\/wp-json\/wp\/v2\/media?parent=7"}],"curies":[{"name":"wp","href":"https:\/\/api.w.org\/{rel}","templated":true}]}}