{"id":34,"date":"2016-07-08T11:27:14","date_gmt":"2016-07-08T14:27:14","guid":{"rendered":"https:\/\/www.sascar.com.br\/es?page_id=34"},"modified":"2019-08-28T08:28:01","modified_gmt":"2019-08-28T11:28:01","slug":"area-cliente","status":"publish","type":"page","link":"https:\/\/sascar.com.br\/es\/area-del-cliente\/","title":{"rendered":"\u00c1rea del Cliente"},"content":{"rendered":"<ul class=\"menu-download ul-def\">\n<li><a href=\"https:\/\/www.sascar.com.br\/es\/downloads\/contrato-sascar.pdf\">Contrato de prestaci\u00f3n de servicios y otras medidas<\/a><\/li>\n<li><a href=\"https:\/\/www.sascar.com.br\/es\/wp-content\/uploads\/2017\/01\/Entenda-sua-fatura-Boleto.pdf\">Entiende tu factura (Impresa)<\/a><\/li>\n<li><a href=\"https:\/\/www.sascar.com.br\/es\/wp-content\/uploads\/2017\/02\/Entenda-sua-fatura-Digital-2.pdf\">Entiende tu factura (Digital)<\/a><\/li>\n<li><a class=\"d_sasgc\" href=\"https:\/\/www.sascar.com.br\/es\/downloads\/Setup_SASGC_2.2.6.zip\">SasGC 2.2.6 (archivo zip)<\/a><\/li>\n<li><a class=\"d_sasgc\" href=\"https:\/\/www.sascar.com.br\/es\/downloads\/Setup_SASGC_2.2.6.exe\">SasGC 2.2.6 (archivo EXE)<\/a><\/li>\n<li><a class=\"d_sasgc\" href=\"https:\/\/www.sascar.com.br\/es\/downloads\/Setup_SASGC_3.22.0.zip\">SasGC 3.22.0 (archivo zip)<\/a><\/li>\n<li><a class=\"d_sasgc\" href=\"https:\/\/www.sascar.com.br\/es\/downloads\/Setup_SASGC_3.22.0.exe\">SasGC 3.22.0 (archivo EXE)<\/a><\/li>\n<\/ul>\n<p><!--li><a class=\"d_sasgc\" href=\"https:\/\/www.sascar.com.br\/es\/downloads\/Setup_SASGC_3.10.0.zip\">SasGC 3.10.0 (arquivo zip)<\/a><\/li>\n\n\n \t\n\n<li><a class=\"d_sasgc\" href=\"https:\/\/www.sascar.com.br\/es\/downloads\/Setup_SASGC_3.10.0.exe\">SasGC 3.10.0 (arquivo EXE)<\/a><\/li-->\n<h2 id=\"titulo\" class=\"sub-blue text-bold\">Autenticaci\u00f3n de Declaraci\u00f3n<\/h2>\n<p><a href=\"http:\/\/portal.sascar.com.br\/SascarPortalWeb\/Satellite?pagename=SascarPortal_Corporativo\/Institucional&amp;page=Corporativo\/UC15\/dv01\">Acceso exclusivo a las aseguradoras para realizar la autenticaci\u00f3n de declaraci\u00f3n de equipo instalado: haga clic aqu\u00ed.<\/a><\/p>\n","protected":false},"excerpt":{"rendered":"<p>Contrato de prestaci\u00f3n de servicios y otras medidas Entiende tu factura (Impresa) Entiende tu factura (Digital) SasGC 2.2.6 (archivo zip) SasGC 2.2.6 (archivo EXE) SasGC 3.22.0 (archivo zip) SasGC 3.22.0 (archivo EXE) Autenticaci\u00f3n de Declaraci\u00f3n Acceso exclusivo a las aseguradoras para realizar la autenticaci\u00f3n de declaraci\u00f3n de equipo instalado: haga clic aqu\u00ed.<\/p>\n","protected":false},"author":1,"featured_media":0,"parent":0,"menu_order":0,"comment_status":"closed","ping_status":"closed","template":"templates\/template-area-cliente.php","meta":{"_acf_changed":false,"footnotes":""},"class_list":["post-34","page","type-page","status-publish","hentry"],"acf":[],"yoast_head":"<!-- This site is optimized with the Yoast SEO plugin v20.8 - https:\/\/yoast.com\/wordpress\/plugins\/seo\/ -->\n<title>\u00c1rea del Cliente - Sascar - Una Empresa del Grupo Michelin<\/title>\n<meta name=\"description\" content=\"Acceda aqu\u00ed a los Sistemas de Monitoreo Sascar para realizar el Monitoreo de sus veh\u00edculos.\" \/>\n<meta name=\"robots\" content=\"index, follow, max-snippet:-1, max-image-preview:large, max-video-preview:-1\" \/>\n<link rel=\"canonical\" href=\"https:\/\/sascar.com.br\/es\/area-del-cliente\/\" \/>\n<meta property=\"og:locale\" content=\"pt_BR\" \/>\n<meta property=\"og:type\" content=\"article\" \/>\n<meta property=\"og:title\" content=\"\u00c1rea del Cliente - Sascar - Una Empresa del Grupo Michelin\" \/>\n<meta property=\"og:description\" content=\"Acceda aqu\u00ed a los Sistemas de Monitoreo Sascar para realizar el Monitoreo de sus veh\u00edculos.\" \/>\n<meta property=\"og:url\" content=\"https:\/\/sascar.com.br\/es\/area-del-cliente\/\" \/>\n<meta property=\"og:site_name\" content=\"Home - Sascar\" \/>\n<meta property=\"article:modified_time\" content=\"2019-08-28T11:28:01+00:00\" \/>\n<meta name=\"twitter:card\" content=\"summary_large_image\" \/>\n<script type=\"application\/ld+json\" class=\"yoast-schema-graph\">{\"@context\":\"https:\/\/schema.org\",\"@graph\":[{\"@type\":\"WebPage\",\"@id\":\"https:\/\/sascar.com.br\/es\/area-del-cliente\/\",\"url\":\"https:\/\/sascar.com.br\/es\/area-del-cliente\/\",\"name\":\"\u00c1rea del Cliente - Sascar - Una Empresa del Grupo Michelin\",\"isPartOf\":{\"@id\":\"https:\/\/sascar.com.br\/es\/#website\"},\"datePublished\":\"2016-07-08T14:27:14+00:00\",\"dateModified\":\"2019-08-28T11:28:01+00:00\",\"description\":\"Acceda aqu\u00ed a los Sistemas de Monitoreo Sascar para realizar el Monitoreo de sus veh\u00edculos.\",\"breadcrumb\":{\"@id\":\"https:\/\/sascar.com.br\/es\/area-del-cliente\/#breadcrumb\"},\"inLanguage\":\"pt-BR\",\"potentialAction\":[{\"@type\":\"ReadAction\",\"target\":[\"https:\/\/sascar.com.br\/es\/area-del-cliente\/\"]}]},{\"@type\":\"BreadcrumbList\",\"@id\":\"https:\/\/sascar.com.br\/es\/area-del-cliente\/#breadcrumb\",\"itemListElement\":[{\"@type\":\"ListItem\",\"position\":1,\"name\":\"In\u00edcio\",\"item\":\"https:\/\/www.sascar.com.br\/es\/\"},{\"@type\":\"ListItem\",\"position\":2,\"name\":\"\u00c1rea del Cliente\"}]},{\"@type\":\"WebSite\",\"@id\":\"https:\/\/sascar.com.br\/es\/#website\",\"url\":\"https:\/\/sascar.com.br\/es\/\",\"name\":\"Home - Sascar\",\"description\":\"Tecnologia Que Te Leva Mais Longe\",\"potentialAction\":[{\"@type\":\"SearchAction\",\"target\":{\"@type\":\"EntryPoint\",\"urlTemplate\":\"https:\/\/sascar.com.br\/es\/?s={search_term_string}\"},\"query-input\":\"required name=search_term_string\"}],\"inLanguage\":\"pt-BR\"}]}<\/script>\n<!-- \/ Yoast SEO plugin. -->","yoast_head_json":{"title":"\u00c1rea del Cliente - Sascar - Una Empresa del Grupo Michelin","description":"Acceda aqu\u00ed a los Sistemas de Monitoreo Sascar para realizar el Monitoreo de sus veh\u00edculos.","robots":{"index":"index","follow":"follow","max-snippet":"max-snippet:-1","max-image-preview":"max-image-preview:large","max-video-preview":"max-video-preview:-1"},"canonical":"https:\/\/sascar.com.br\/es\/area-del-cliente\/","og_locale":"pt_BR","og_type":"article","og_title":"\u00c1rea del Cliente - Sascar - Una Empresa del Grupo Michelin","og_description":"Acceda aqu\u00ed a los Sistemas de Monitoreo Sascar para realizar el Monitoreo de sus veh\u00edculos.","og_url":"https:\/\/sascar.com.br\/es\/area-del-cliente\/","og_site_name":"Home - Sascar","article_modified_time":"2019-08-28T11:28:01+00:00","twitter_card":"summary_large_image","schema":{"@context":"https:\/\/schema.org","@graph":[{"@type":"WebPage","@id":"https:\/\/sascar.com.br\/es\/area-del-cliente\/","url":"https:\/\/sascar.com.br\/es\/area-del-cliente\/","name":"\u00c1rea del Cliente - Sascar - Una Empresa del Grupo Michelin","isPartOf":{"@id":"https:\/\/sascar.com.br\/es\/#website"},"datePublished":"2016-07-08T14:27:14+00:00","dateModified":"2019-08-28T11:28:01+00:00","description":"Acceda aqu\u00ed a los Sistemas de Monitoreo Sascar para realizar el Monitoreo de sus veh\u00edculos.","breadcrumb":{"@id":"https:\/\/sascar.com.br\/es\/area-del-cliente\/#breadcrumb"},"inLanguage":"pt-BR","potentialAction":[{"@type":"ReadAction","target":["https:\/\/sascar.com.br\/es\/area-del-cliente\/"]}]},{"@type":"BreadcrumbList","@id":"https:\/\/sascar.com.br\/es\/area-del-cliente\/#breadcrumb","itemListElement":[{"@type":"ListItem","position":1,"name":"In\u00edcio","item":"https:\/\/www.sascar.com.br\/es\/"},{"@type":"ListItem","position":2,"name":"\u00c1rea del Cliente"}]},{"@type":"WebSite","@id":"https:\/\/sascar.com.br\/es\/#website","url":"https:\/\/sascar.com.br\/es\/","name":"Home - Sascar","description":"Tecnologia Que Te Leva Mais Longe","potentialAction":[{"@type":"SearchAction","target":{"@type":"EntryPoint","urlTemplate":"https:\/\/sascar.com.br\/es\/?s={search_term_string}"},"query-input":"required name=search_term_string"}],"inLanguage":"pt-BR"}]}},"_links":{"self":[{"href":"https:\/\/sascar.com.br\/es\/wp-json\/wp\/v2\/pages\/34","targetHints":{"allow":["GET"]}}],"collection":[{"href":"https:\/\/sascar.com.br\/es\/wp-json\/wp\/v2\/pages"}],"about":[{"href":"https:\/\/sascar.com.br\/es\/wp-json\/wp\/v2\/types\/page"}],"author":[{"embeddable":true,"href":"https:\/\/sascar.com.br\/es\/wp-json\/wp\/v2\/users\/1"}],"replies":[{"embeddable":true,"href":"https:\/\/sascar.com.br\/es\/wp-json\/wp\/v2\/comments?post=34"}],"version-history":[{"count":54,"href":"https:\/\/sascar.com.br\/es\/wp-json\/wp\/v2\/pages\/34\/revisions"}],"predecessor-version":[{"id":1094,"href":"https:\/\/sascar.com.br\/es\/wp-json\/wp\/v2\/pages\/34\/revisions\/1094"}],"wp:attachment":[{"href":"https:\/\/sascar.com.br\/es\/wp-json\/wp\/v2\/media?parent=34"}],"curies":[{"name":"wp","href":"https:\/\/api.w.org\/{rel}","templated":true}]}}