{"id":11,"date":"2016-06-21T16:37:47","date_gmt":"2016-06-21T19:37:47","guid":{"rendered":"https:\/\/www.sascar.com.br\/es?page_id=11"},"modified":"2018-07-05T12:03:39","modified_gmt":"2018-07-05T15:03:39","slug":"areas-de-atuacao","status":"publish","type":"page","link":"https:\/\/sascar.com.br\/es\/areas-de-atuacao\/","title":{"rendered":"\u00c1reas de Actuaci\u00f3n"},"content":{"rendered":"<p>Sascar atiende varias \u00e1reas de actuaci\u00f3n y conoce la necesidad y la soluci\u00f3n adecuada para cada una de ellas. Compruebe aqu\u00ed c\u00f3mo Sascar puede ayudar a que su negocio vaya cada vez m\u00e1s lejos.<\/p>\n","protected":false},"excerpt":{"rendered":"<p>Sascar atiende varias \u00e1reas de actuaci\u00f3n y conoce la necesidad y la soluci\u00f3n adecuada para cada una de ellas. Compruebe aqu\u00ed c\u00f3mo Sascar puede ayudar a que su negocio vaya cada vez m\u00e1s lejos.<\/p>\n","protected":false},"author":1,"featured_media":0,"parent":0,"menu_order":0,"comment_status":"closed","ping_status":"closed","template":"","meta":{"_acf_changed":false,"footnotes":""},"class_list":["post-11","page","type-page","status-publish","hentry"],"acf":[],"yoast_head":"<!-- This site is optimized with the Yoast SEO plugin v20.8 - https:\/\/yoast.com\/wordpress\/plugins\/seo\/ -->\n<title>\u00c1reas de Atua\u00e7\u00e3o - Sascar - Tecnologia Que Te Leva Mais Longe<\/title>\n<meta name=\"description\" content=\"Conhe\u00e7a as Solu\u00e7\u00f5es Sascar para Transportadoras, Caminhoneiro Aut\u00f4nomos, Frotas Leves, Cargas e Ativos, M\u00e1quinas Pesadas e Ve\u00edculos Especiais e de Passeio.\" \/>\n<meta name=\"robots\" content=\"index, follow, max-snippet:-1, max-image-preview:large, max-video-preview:-1\" \/>\n<link rel=\"canonical\" href=\"https:\/\/sascar.com.br\/es\/areas-de-atuacao\/\" \/>\n<meta property=\"og:locale\" content=\"pt_BR\" \/>\n<meta property=\"og:type\" content=\"article\" \/>\n<meta property=\"og:title\" content=\"\u00c1reas de Atua\u00e7\u00e3o - Sascar - Tecnologia Que Te Leva Mais Longe\" \/>\n<meta property=\"og:description\" content=\"Conhe\u00e7a as Solu\u00e7\u00f5es Sascar para Transportadoras, Caminhoneiro Aut\u00f4nomos, Frotas Leves, Cargas e Ativos, M\u00e1quinas Pesadas e Ve\u00edculos Especiais e de Passeio.\" \/>\n<meta property=\"og:url\" content=\"https:\/\/sascar.com.br\/es\/areas-de-atuacao\/\" \/>\n<meta property=\"og:site_name\" content=\"Home - Sascar\" \/>\n<meta property=\"article:modified_time\" content=\"2018-07-05T15:03:39+00:00\" \/>\n<meta name=\"twitter:card\" content=\"summary_large_image\" \/>\n<script type=\"application\/ld+json\" class=\"yoast-schema-graph\">{\"@context\":\"https:\/\/schema.org\",\"@graph\":[{\"@type\":\"WebPage\",\"@id\":\"https:\/\/sascar.com.br\/es\/areas-de-atuacao\/\",\"url\":\"https:\/\/sascar.com.br\/es\/areas-de-atuacao\/\",\"name\":\"\u00c1reas de Atua\u00e7\u00e3o - Sascar - Tecnologia Que Te Leva Mais Longe\",\"isPartOf\":{\"@id\":\"https:\/\/sascar.com.br\/es\/#website\"},\"datePublished\":\"2016-06-21T19:37:47+00:00\",\"dateModified\":\"2018-07-05T15:03:39+00:00\",\"description\":\"Conhe\u00e7a as Solu\u00e7\u00f5es Sascar para Transportadoras, Caminhoneiro Aut\u00f4nomos, Frotas Leves, Cargas e Ativos, M\u00e1quinas Pesadas e Ve\u00edculos Especiais e de Passeio.\",\"breadcrumb\":{\"@id\":\"https:\/\/sascar.com.br\/es\/areas-de-atuacao\/#breadcrumb\"},\"inLanguage\":\"pt-BR\",\"potentialAction\":[{\"@type\":\"ReadAction\",\"target\":[\"https:\/\/sascar.com.br\/es\/areas-de-atuacao\/\"]}]},{\"@type\":\"BreadcrumbList\",\"@id\":\"https:\/\/sascar.com.br\/es\/areas-de-atuacao\/#breadcrumb\",\"itemListElement\":[{\"@type\":\"ListItem\",\"position\":1,\"name\":\"In\u00edcio\",\"item\":\"https:\/\/www.sascar.com.br\/es\/\"},{\"@type\":\"ListItem\",\"position\":2,\"name\":\"\u00c1reas de Actuaci\u00f3n\"}]},{\"@type\":\"WebSite\",\"@id\":\"https:\/\/sascar.com.br\/es\/#website\",\"url\":\"https:\/\/sascar.com.br\/es\/\",\"name\":\"Home - Sascar\",\"description\":\"Tecnologia Que Te Leva Mais Longe\",\"potentialAction\":[{\"@type\":\"SearchAction\",\"target\":{\"@type\":\"EntryPoint\",\"urlTemplate\":\"https:\/\/sascar.com.br\/es\/?s={search_term_string}\"},\"query-input\":\"required name=search_term_string\"}],\"inLanguage\":\"pt-BR\"}]}<\/script>\n<!-- \/ Yoast SEO plugin. -->","yoast_head_json":{"title":"\u00c1reas de Atua\u00e7\u00e3o - Sascar - Tecnologia Que Te Leva Mais Longe","description":"Conhe\u00e7a as Solu\u00e7\u00f5es Sascar para Transportadoras, Caminhoneiro Aut\u00f4nomos, Frotas Leves, Cargas e Ativos, M\u00e1quinas Pesadas e Ve\u00edculos Especiais e de Passeio.","robots":{"index":"index","follow":"follow","max-snippet":"max-snippet:-1","max-image-preview":"max-image-preview:large","max-video-preview":"max-video-preview:-1"},"canonical":"https:\/\/sascar.com.br\/es\/areas-de-atuacao\/","og_locale":"pt_BR","og_type":"article","og_title":"\u00c1reas de Atua\u00e7\u00e3o - Sascar - Tecnologia Que Te Leva Mais Longe","og_description":"Conhe\u00e7a as Solu\u00e7\u00f5es Sascar para Transportadoras, Caminhoneiro Aut\u00f4nomos, Frotas Leves, Cargas e Ativos, M\u00e1quinas Pesadas e Ve\u00edculos Especiais e de Passeio.","og_url":"https:\/\/sascar.com.br\/es\/areas-de-atuacao\/","og_site_name":"Home - Sascar","article_modified_time":"2018-07-05T15:03:39+00:00","twitter_card":"summary_large_image","schema":{"@context":"https:\/\/schema.org","@graph":[{"@type":"WebPage","@id":"https:\/\/sascar.com.br\/es\/areas-de-atuacao\/","url":"https:\/\/sascar.com.br\/es\/areas-de-atuacao\/","name":"\u00c1reas de Atua\u00e7\u00e3o - Sascar - Tecnologia Que Te Leva Mais Longe","isPartOf":{"@id":"https:\/\/sascar.com.br\/es\/#website"},"datePublished":"2016-06-21T19:37:47+00:00","dateModified":"2018-07-05T15:03:39+00:00","description":"Conhe\u00e7a as Solu\u00e7\u00f5es Sascar para Transportadoras, Caminhoneiro Aut\u00f4nomos, Frotas Leves, Cargas e Ativos, M\u00e1quinas Pesadas e Ve\u00edculos Especiais e de Passeio.","breadcrumb":{"@id":"https:\/\/sascar.com.br\/es\/areas-de-atuacao\/#breadcrumb"},"inLanguage":"pt-BR","potentialAction":[{"@type":"ReadAction","target":["https:\/\/sascar.com.br\/es\/areas-de-atuacao\/"]}]},{"@type":"BreadcrumbList","@id":"https:\/\/sascar.com.br\/es\/areas-de-atuacao\/#breadcrumb","itemListElement":[{"@type":"ListItem","position":1,"name":"In\u00edcio","item":"https:\/\/www.sascar.com.br\/es\/"},{"@type":"ListItem","position":2,"name":"\u00c1reas de Actuaci\u00f3n"}]},{"@type":"WebSite","@id":"https:\/\/sascar.com.br\/es\/#website","url":"https:\/\/sascar.com.br\/es\/","name":"Home - Sascar","description":"Tecnologia Que Te Leva Mais Longe","potentialAction":[{"@type":"SearchAction","target":{"@type":"EntryPoint","urlTemplate":"https:\/\/sascar.com.br\/es\/?s={search_term_string}"},"query-input":"required name=search_term_string"}],"inLanguage":"pt-BR"}]}},"_links":{"self":[{"href":"https:\/\/sascar.com.br\/es\/wp-json\/wp\/v2\/pages\/11","targetHints":{"allow":["GET"]}}],"collection":[{"href":"https:\/\/sascar.com.br\/es\/wp-json\/wp\/v2\/pages"}],"about":[{"href":"https:\/\/sascar.com.br\/es\/wp-json\/wp\/v2\/types\/page"}],"author":[{"embeddable":true,"href":"https:\/\/sascar.com.br\/es\/wp-json\/wp\/v2\/users\/1"}],"replies":[{"embeddable":true,"href":"https:\/\/sascar.com.br\/es\/wp-json\/wp\/v2\/comments?post=11"}],"version-history":[{"count":2,"href":"https:\/\/sascar.com.br\/es\/wp-json\/wp\/v2\/pages\/11\/revisions"}],"predecessor-version":[{"id":957,"href":"https:\/\/sascar.com.br\/es\/wp-json\/wp\/v2\/pages\/11\/revisions\/957"}],"wp:attachment":[{"href":"https:\/\/sascar.com.br\/es\/wp-json\/wp\/v2\/media?parent=11"}],"curies":[{"name":"wp","href":"https:\/\/api.w.org\/{rel}","templated":true}]}}