{"id":1026,"date":"2016-07-08T11:27:14","date_gmt":"2016-07-08T14:27:14","guid":{"rendered":"https:\/\/www.sascar.com.br\/es\/area-del-cliente-2\/"},"modified":"2026-03-31T16:47:44","modified_gmt":"2026-03-31T19:47:44","slug":"flota-conectada","status":"publish","type":"page","link":"https:\/\/sascar.com.br\/es\/flota-conectada\/","title":{"rendered":"Flota Conectada"},"content":{"rendered":"<p><style>html {margin-top: 0 !important;}<\/style><\/p>\n<ul class=\"menu-download ul-def\">\n<li><img decoding=\"async\" src=\"https:\/\/www.sascar.com.br\/es\/wp-content\/themes\/sascar\/src\/assets\/img\/download-icon.png\" \/><a class=\"d_sasgc\" href=\"https:\/\/www.sascar.com.br\/es\/downloads\/versao_michelin\/Setup_FLOTAS_CONECTADAS_4.21.1.zip\">Flotas Conectadas 4.21.1 (archivo ZIP)<\/a><\/li>\n<li><img decoding=\"async\" src=\"https:\/\/www.sascar.com.br\/es\/wp-content\/themes\/sascar\/src\/assets\/img\/download-icon.png\" \/><a class=\"d_sasgc\" href=\"https:\/\/www.sascar.com.br\/es\/downloads\/versao_michelin\/Setup_FLOTAS_CONECTADAS_4.21.1.exe\">Flotas Conectadas 4.21.1 (archivo EXE)<\/a><\/li>\n<li><img decoding=\"async\" src=\"https:\/\/www.sascar.com.br\/es\/wp-content\/themes\/sascar\/src\/assets\/img\/download-icon.png\" \/><a class=\"d_sasgc\" href=\"https:\/\/sascar.com.br\/es\/wp-content\/uploads\/2026\/03\/list-price-information-mar-26.pdf\">Multa de Mal Uso y No Devoluci\u00f3n<\/a><\/li>\n<li><img decoding=\"async\" src=\"https:\/\/www.sascar.com.br\/es\/wp-content\/themes\/sascar\/src\/assets\/img\/download-icon.png\" \/><a class=\"d_sasgc\" href=\"https:\/\/sascar.com.br\/es\/downloads\/versao_michelin\/Politica_de_Retencion_y_Descarte_de_Datos_-_LATAM.pdf\">Pol\u00edtica de Retenci\u00f3n y Descarte de Datos<\/a><\/li>\n<li><img decoding=\"async\" src=\"https:\/\/www.sascar.com.br\/es\/wp-content\/themes\/sascar\/src\/assets\/img\/download-icon.png\" \/><a class=\"d_sasgc\" href=\"https:\/\/sascar.com.br\/es\/downloads\/versao_michelin\/POLITICA_DE_PRIVACIDAD_PARA_CLIENTES_-_LATAM.pdf\">Pol\u00edtica de Privacidad para Clientes<\/a><\/li>\n<li><img decoding=\"async\" src=\"https:\/\/www.sascar.com.br\/es\/wp-content\/themes\/sascar\/src\/assets\/img\/download-icon.png\" \/><a class=\"d_sasgc\" href=\"https:\/\/sascar.com.br\/es\/wp-content\/uploads\/2024\/04\/ARGENTINA_TC_20240425_VersionFinalSite.pdf\">T&amp;Cs de Prestaci\u00f3n de Servicios &#8211; Modelo Comodato<\/a><\/li>\n<\/ul>\n\n\n<p><\/p>\n","protected":false},"excerpt":{"rendered":"<p>Flotas Conectadas 4.21.1 (archivo ZIP) Flotas Conectadas 4.21.1 (archivo EXE) Multa de Mal Uso y No Devoluci\u00f3n Pol\u00edtica de Retenci\u00f3n y Descarte de Datos Pol\u00edtica de Privacidad para Clientes T&amp;Cs de Prestaci\u00f3n de Servicios &#8211; Modelo Comodato<\/p>\n","protected":false},"author":7,"featured_media":0,"parent":0,"menu_order":0,"comment_status":"closed","ping_status":"closed","template":"templates\/template-flota-conectada.php","meta":{"_acf_changed":false,"footnotes":""},"class_list":["post-1026","page","type-page","status-publish","hentry"],"acf":[],"yoast_head":"<!-- This site is optimized with the Yoast SEO plugin v20.8 - https:\/\/yoast.com\/wordpress\/plugins\/seo\/ -->\n<title>Flota Conectada - Sascar - Una Empresa del Grupo Michelin<\/title>\n<meta name=\"description\" content=\"Accede a los sistemas de flota conectada.\" \/>\n<meta name=\"robots\" content=\"index, follow, max-snippet:-1, max-image-preview:large, max-video-preview:-1\" \/>\n<link rel=\"canonical\" href=\"https:\/\/sascar.com.br\/es\/flota-conectada\/\" \/>\n<meta property=\"og:locale\" content=\"pt_BR\" \/>\n<meta property=\"og:type\" content=\"article\" \/>\n<meta property=\"og:title\" content=\"Flota Conectada - Sascar - Una Empresa del Grupo Michelin\" \/>\n<meta property=\"og:description\" content=\"Accede a los sistemas de flota conectada.\" \/>\n<meta property=\"og:url\" content=\"https:\/\/sascar.com.br\/es\/flota-conectada\/\" \/>\n<meta property=\"og:site_name\" content=\"Home - Sascar\" \/>\n<meta property=\"article:modified_time\" content=\"2026-03-31T19:47:44+00:00\" \/>\n<meta property=\"og:image\" content=\"https:\/\/www.sascar.com.br\/es\/wp-content\/themes\/sascar\/src\/assets\/img\/download-icon.png\" \/>\n<meta name=\"twitter:card\" content=\"summary_large_image\" \/>\n<meta name=\"twitter:label1\" content=\"Est. tempo de leitura\" \/>\n\t<meta name=\"twitter:data1\" content=\"2 minutos\" \/>\n<script type=\"application\/ld+json\" class=\"yoast-schema-graph\">{\"@context\":\"https:\/\/schema.org\",\"@graph\":[{\"@type\":\"WebPage\",\"@id\":\"https:\/\/sascar.com.br\/es\/flota-conectada\/\",\"url\":\"https:\/\/sascar.com.br\/es\/flota-conectada\/\",\"name\":\"Flota Conectada - Sascar - Una Empresa del Grupo Michelin\",\"isPartOf\":{\"@id\":\"https:\/\/sascar.com.br\/es\/#website\"},\"datePublished\":\"2016-07-08T14:27:14+00:00\",\"dateModified\":\"2026-03-31T19:47:44+00:00\",\"description\":\"Accede a los sistemas de flota conectada.\",\"breadcrumb\":{\"@id\":\"https:\/\/sascar.com.br\/es\/flota-conectada\/#breadcrumb\"},\"inLanguage\":\"pt-BR\",\"potentialAction\":[{\"@type\":\"ReadAction\",\"target\":[\"https:\/\/sascar.com.br\/es\/flota-conectada\/\"]}]},{\"@type\":\"BreadcrumbList\",\"@id\":\"https:\/\/sascar.com.br\/es\/flota-conectada\/#breadcrumb\",\"itemListElement\":[{\"@type\":\"ListItem\",\"position\":1,\"name\":\"In\u00edcio\",\"item\":\"https:\/\/www.sascar.com.br\/es\/\"},{\"@type\":\"ListItem\",\"position\":2,\"name\":\"Flota Conectada\"}]},{\"@type\":\"WebSite\",\"@id\":\"https:\/\/sascar.com.br\/es\/#website\",\"url\":\"https:\/\/sascar.com.br\/es\/\",\"name\":\"Home - Sascar\",\"description\":\"Tecnologia Que Te Leva Mais Longe\",\"potentialAction\":[{\"@type\":\"SearchAction\",\"target\":{\"@type\":\"EntryPoint\",\"urlTemplate\":\"https:\/\/sascar.com.br\/es\/?s={search_term_string}\"},\"query-input\":\"required name=search_term_string\"}],\"inLanguage\":\"pt-BR\"}]}<\/script>\n<!-- \/ Yoast SEO plugin. -->","yoast_head_json":{"title":"Flota Conectada - Sascar - Una Empresa del Grupo Michelin","description":"Accede a los sistemas de flota conectada.","robots":{"index":"index","follow":"follow","max-snippet":"max-snippet:-1","max-image-preview":"max-image-preview:large","max-video-preview":"max-video-preview:-1"},"canonical":"https:\/\/sascar.com.br\/es\/flota-conectada\/","og_locale":"pt_BR","og_type":"article","og_title":"Flota Conectada - Sascar - Una Empresa del Grupo Michelin","og_description":"Accede a los sistemas de flota conectada.","og_url":"https:\/\/sascar.com.br\/es\/flota-conectada\/","og_site_name":"Home - Sascar","article_modified_time":"2026-03-31T19:47:44+00:00","og_image":[{"url":"https:\/\/www.sascar.com.br\/es\/wp-content\/themes\/sascar\/src\/assets\/img\/download-icon.png"}],"twitter_card":"summary_large_image","twitter_misc":{"Est. tempo de leitura":"2 minutos"},"schema":{"@context":"https:\/\/schema.org","@graph":[{"@type":"WebPage","@id":"https:\/\/sascar.com.br\/es\/flota-conectada\/","url":"https:\/\/sascar.com.br\/es\/flota-conectada\/","name":"Flota Conectada - Sascar - Una Empresa del Grupo Michelin","isPartOf":{"@id":"https:\/\/sascar.com.br\/es\/#website"},"datePublished":"2016-07-08T14:27:14+00:00","dateModified":"2026-03-31T19:47:44+00:00","description":"Accede a los sistemas de flota conectada.","breadcrumb":{"@id":"https:\/\/sascar.com.br\/es\/flota-conectada\/#breadcrumb"},"inLanguage":"pt-BR","potentialAction":[{"@type":"ReadAction","target":["https:\/\/sascar.com.br\/es\/flota-conectada\/"]}]},{"@type":"BreadcrumbList","@id":"https:\/\/sascar.com.br\/es\/flota-conectada\/#breadcrumb","itemListElement":[{"@type":"ListItem","position":1,"name":"In\u00edcio","item":"https:\/\/www.sascar.com.br\/es\/"},{"@type":"ListItem","position":2,"name":"Flota Conectada"}]},{"@type":"WebSite","@id":"https:\/\/sascar.com.br\/es\/#website","url":"https:\/\/sascar.com.br\/es\/","name":"Home - Sascar","description":"Tecnologia Que Te Leva Mais Longe","potentialAction":[{"@type":"SearchAction","target":{"@type":"EntryPoint","urlTemplate":"https:\/\/sascar.com.br\/es\/?s={search_term_string}"},"query-input":"required name=search_term_string"}],"inLanguage":"pt-BR"}]}},"_links":{"self":[{"href":"https:\/\/sascar.com.br\/es\/wp-json\/wp\/v2\/pages\/1026","targetHints":{"allow":["GET"]}}],"collection":[{"href":"https:\/\/sascar.com.br\/es\/wp-json\/wp\/v2\/pages"}],"about":[{"href":"https:\/\/sascar.com.br\/es\/wp-json\/wp\/v2\/types\/page"}],"author":[{"embeddable":true,"href":"https:\/\/sascar.com.br\/es\/wp-json\/wp\/v2\/users\/7"}],"replies":[{"embeddable":true,"href":"https:\/\/sascar.com.br\/es\/wp-json\/wp\/v2\/comments?post=1026"}],"version-history":[{"count":197,"href":"https:\/\/sascar.com.br\/es\/wp-json\/wp\/v2\/pages\/1026\/revisions"}],"predecessor-version":[{"id":1450,"href":"https:\/\/sascar.com.br\/es\/wp-json\/wp\/v2\/pages\/1026\/revisions\/1450"}],"wp:attachment":[{"href":"https:\/\/sascar.com.br\/es\/wp-json\/wp\/v2\/media?parent=1026"}],"curies":[{"name":"wp","href":"https:\/\/api.w.org\/{rel}","templated":true}]}}